{"id":18,"date":"2021-02-06T05:55:42","date_gmt":"2021-02-06T05:55:42","guid":{"rendered":"http:\/\/diarioelrapsoda.com\/?page_id=18"},"modified":"2025-09-27T05:43:11","modified_gmt":"2025-09-27T05:43:11","slug":"noticias-diarias","status":"publish","type":"page","link":"https:\/\/diarioelrapsoda.com\/index.php\/noticias-diarias\/","title":{"rendered":"NOTICIAS DEL D\u00cdA"},"content":{"rendered":"\t\t<div data-elementor-type=\"wp-page\" data-elementor-id=\"18\" class=\"elementor elementor-18\">\n\t\t\t\t\t\t<section class=\"elementor-section elementor-top-section elementor-element elementor-element-eed5d1c elementor-section-boxed elementor-section-height-default elementor-section-height-default\" data-id=\"eed5d1c\" data-element_type=\"section\" data-e-type=\"section\">\n\t\t\t\t\t\t<div class=\"elementor-container elementor-column-gap-default\">\n\t\t\t\t\t<div class=\"elementor-column elementor-col-100 elementor-top-column elementor-element elementor-element-46f20a2\" data-id=\"46f20a2\" data-element_type=\"column\" data-e-type=\"column\">\n\t\t\t<div class=\"elementor-widget-wrap elementor-element-populated\">\n\t\t\t\t\t\t<div class=\"elementor-element elementor-element-10f476f elementor-hidden-tablet elementor-hidden-phone elementor-widget elementor-widget-shortcode\" data-id=\"10f476f\" data-element_type=\"widget\" data-e-type=\"widget\" data-widget_type=\"shortcode.default\">\n\t\t\t\t<div class=\"elementor-widget-container\">\n\t\t\t\t\t\t\t<div class=\"elementor-shortcode\"><div class=\"_3d-flip-book  fb3d-fullscreen-mode full-size\" data-id=\"31\" data-mode=\"fullscreen\" data-title=\"false\" data-template=\"short-white-book-view\" data-lightbox=\"dark-shadow\" data-urlparam=\"fb3d-page\" data-page-n=\"0\" data-pdf=\"\" data-tax=\"null\" data-thumbnail=\"\" data-cols=\"3\" data-book-template=\"default\" data-trigger=\"\"><\/div><script type=\"text\/javascript\">window.FB3D_CLIENT_DATA = window.FB3D_CLIENT_DATA || [];FB3D_CLIENT_DATA.push('eyJwb3N0cyI6eyIzMSI6eyJJRCI6MzEsInRpdGxlIjoiUEVSSVx1MDBkM0RJQ08gREUgRElBIiwidHlwZSI6InBkZiIsInJlYWR5X2Z1bmN0aW9uIjoiIiwiYm9va19zdHlsZSI6InZvbHVtZSIsImJvb2tfdGVtcGxhdGUiOiJub25lIiwib3V0bGluZSI6W10sImRhdGEiOnsicG9zdF9JRCI6Ijc2MDAiLCJndWlkIjoiaHR0cHM6XC9cL2RpYXJpb2VscmFwc29kYS5jb21cL3dwLWNvbnRlbnRcL3VwbG9hZHNcLzIwMjZcLzA0XC8yOC1ERS1BQlJJTC1ERUwtMjAyNi1QREYucGRmIiwicGRmX3BhZ2VzIjoiMTIiLCJwYWdlc19jdXN0b21pemF0aW9uIjoibm9uZSJ9LCJ0aHVtYm5haWwiOnsiZGF0YSI6eyJwb3N0X0lEIjoiMCJ9LCJ0eXBlIjoiYXV0byJ9LCJwcm9wcyI6eyJiYWNrZ3JvdW5kQ29sb3IiOiJhdXRvIiwiYmFja2dyb3VuZEltYWdlIjoiYXV0byIsImJhY2tncm91bmRTdHlsZSI6ImF1dG8iLCJoaWdobGlnaHRMaW5rcyI6ImF1dG8iLCJsaWdodGluZyI6ImF1dG8iLCJzaW5nbGVQYWdlTW9kZSI6ImF1dG8iLCJjYWNoZWRQYWdlcyI6ImF1dG8iLCJyZW5kZXJJbmFjdGl2ZVBhZ2VzIjoiYXV0byIsInJlbmRlckluYWN0aXZlUGFnZXNPbk1vYmlsZSI6ImF1dG8iLCJyZW5kZXJXaGlsZUZsaXBwaW5nIjoiYXV0byIsInByZWxvYWRQYWdlcyI6ImF1dG8iLCJhdXRvUGxheUR1cmF0aW9uIjoiYXV0byIsInJ0bCI6ImF1dG8iLCJpbnRlcmFjdGl2ZUNvcm5lcnMiOiJhdXRvIiwibWF4RGVwdGgiOiJhdXRvIiwic2hlZXQiOnsic3RhcnRWZWxvY2l0eSI6ImF1dG8iLCJ3YXZlIjoiYXV0byIsInNoYXBlIjoiYXV0byIsIndpZHRoVGV4ZWxzIjoiYXV0byIsImNvbG9yIjoiYXV0byIsInNpZGUiOiJhdXRvIiwic3RyZXRjaEltYWdlcyI6ImF1dG8iLCJjb3JuZXJEZXZpYXRpb24iOiJhdXRvIiwiZmxleGliaWxpdHkiOiJhdXRvIiwiZmxleGlibGVDb3JuZXIiOiJhdXRvIiwiYmVuZGluZyI6ImF1dG8iLCJoZWlnaHRUZXhlbHMiOiJhdXRvIn0sImNvdmVyIjp7IndhdmUiOiJhdXRvIiwiY29sb3IiOiJhdXRvIiwic2lkZSI6ImF1dG8iLCJzdHJldGNoSW1hZ2VzIjoiYXV0byIsImJpbmRlclRleHR1cmUiOiJhdXRvIiwiZGVwdGgiOiJhdXRvIiwicGFkZGluZyI6ImF1dG8iLCJzdGFydFZlbG9jaXR5IjoiYXV0byIsImZsZXhpYmlsaXR5IjoiYXV0byIsImZsZXhpYmxlQ29ybmVyIjoiYXV0byIsImJlbmRpbmciOiJhdXRvIiwid2lkdGhUZXhlbHMiOiJhdXRvIiwiaGVpZ2h0VGV4ZWxzIjoiYXV0byIsIm1hc3MiOiJhdXRvIiwic2hhcGUiOiJhdXRvIn0sInBhZ2UiOnsid2F2ZSI6ImF1dG8iLCJjb2xvciI6ImF1dG8iLCJzaWRlIjoiYXV0byIsInN0cmV0Y2hJbWFnZXMiOiJhdXRvIiwiZGVwdGgiOiJhdXRvIiwic3RhcnRWZWxvY2l0eSI6ImF1dG8iLCJmbGV4aWJpbGl0eSI6ImF1dG8iLCJmbGV4aWJsZUNvcm5lciI6ImF1dG8iLCJiZW5kaW5nIjoiYXV0byIsIndpZHRoVGV4ZWxzIjoiYXV0byIsImhlaWdodFRleGVscyI6ImF1dG8iLCJtYXNzIjoiYXV0byIsInNoYXBlIjoiYXV0byJ9LCJoZWlnaHQiOiJhdXRvIiwid2lkdGgiOiJhdXRvIiwiZ3Jhdml0eSI6ImF1dG8iLCJwYWdlc0ZvclByZWRpY3RpbmciOiJhdXRvIn0sImNvbnRyb2xQcm9wcyI6eyJhY3Rpb25zIjp7ImNtZFRvYyI6eyJlbmFibGVkIjoiYXV0byIsImVuYWJsZWRJbk5hcnJvdyI6ImF1dG8iLCJhY3RpdmUiOiJhdXRvIiwiZGVmYXVsdFRhYiI6ImF1dG8ifSwiY21kQXV0b1BsYXkiOnsiZW5hYmxlZCI6ImF1dG8iLCJlbmFibGVkSW5OYXJyb3ciOiJhdXRvIiwiYWN0aXZlIjoiYXV0byJ9LCJjbWRTYXZlIjp7ImVuYWJsZWQiOiJhdXRvIiwiZW5hYmxlZEluTmFycm93IjoiYXV0byJ9LCJjbWRQcmludCI6eyJlbmFibGVkIjoiYXV0byIsImVuYWJsZWRJbk5hcnJvdyI6ImF1dG8ifSwiY21kU2luZ2xlUGFnZSI6eyJlbmFibGVkIjoiYXV0byIsImVuYWJsZWRJbk5hcnJvdyI6ImF1dG8iLCJhY3RpdmUiOiJhdXRvIiwiYWN0aXZlRm9yTW9iaWxlIjoiYXV0byJ9LCJ3aWRUb29sYmFyIjp7ImVuYWJsZWQiOiJhdXRvIiwiZW5hYmxlZEluTmFycm93IjoiYXV0byJ9fX0sImF1dG9UaHVtYm5haWwiOiJodHRwczpcL1wvZGlhcmlvZWxyYXBzb2RhLmNvbVwvd3AtY29udGVudFwvdXBsb2Fkc1wvM2QtZmxpcC1ib29rXC9hdXRvLXRodW1ibmFpbHNcLzMxLnBuZyIsInBvc3RfbmFtZSI6ImhveSIsInBvc3RfdHlwZSI6IjNkLWZsaXAtYm9vayJ9fSwicGFnZXMiOltdLCJmaXJzdFBhZ2VzIjpbXX0=');window.FB3D_CLIENT_LOCALE && FB3D_CLIENT_LOCALE.render && FB3D_CLIENT_LOCALE.render();<\/script><\/div>\n\t\t\t\t\t\t<\/div>\n\t\t\t\t<\/div>\n\t\t\t\t<div class=\"elementor-element elementor-element-cb602cc elementor-hidden-desktop elementor-hidden-tablet elementor-widget elementor-widget-pdf_viewer\" data-id=\"cb602cc\" data-element_type=\"widget\" data-e-type=\"widget\" data-widget_type=\"pdf_viewer.default\">\n\t\t\t\t<div class=\"elementor-widget-container\">\n\t\t\t\t\t<iframe src=\"https:\/\/docs.google.com\/viewer?url=https:\/\/diarioelrapsoda.com\/wp-content\/uploads\/2025\/09\/26-DE-SEPTIEMBRE-DEL-2025-PDF.pdf&amp;embedded=true\" style=\"display: block; margin-left: auto; margin-right: auto; width: 670px; height: 1020px;\" frameborder=\"1\" marginheight=\"0px\" marginwidth=\"0px\" allowfullscreen><\/iframe>\t\t\t\t<\/div>\n\t\t\t\t<\/div>\n\t\t\t\t\t<\/div>\n\t\t<\/div>\n\t\t\t\t\t<\/div>\n\t\t<\/section>\n\t\t\t\t<section class=\"elementor-section elementor-top-section elementor-element elementor-element-10dbf26 elementor-section-boxed elementor-section-height-default elementor-section-height-default\" data-id=\"10dbf26\" data-element_type=\"section\" data-e-type=\"section\">\n\t\t\t\t\t\t<div class=\"elementor-container elementor-column-gap-default\">\n\t\t\t\t\t<div class=\"elementor-column elementor-col-100 elementor-top-column elementor-element elementor-element-392b6ea\" data-id=\"392b6ea\" data-element_type=\"column\" data-e-type=\"column\">\n\t\t\t<div class=\"elementor-widget-wrap elementor-element-populated\">\n\t\t\t\t\t\t<div class=\"elementor-element elementor-element-c2c28c1 elementor-widget elementor-widget-spacer\" data-id=\"c2c28c1\" data-element_type=\"widget\" data-e-type=\"widget\" data-widget_type=\"spacer.default\">\n\t\t\t\t<div class=\"elementor-widget-container\">\n\t\t\t\t\t\t\t<div class=\"elementor-spacer\">\n\t\t\t<div class=\"elementor-spacer-inner\"><\/div>\n\t\t<\/div>\n\t\t\t\t\t\t<\/div>\n\t\t\t\t<\/div>\n\t\t\t\t<div class=\"elementor-element elementor-element-3095a99 elementor-hidden-phone elementor-widget elementor-widget-shortcode\" data-id=\"3095a99\" data-element_type=\"widget\" data-e-type=\"widget\" data-widget_type=\"shortcode.default\">\n\t\t\t\t<div class=\"elementor-widget-container\">\n\t\t\t\t\t\t\t<div class=\"elementor-shortcode\">\n\t\t<!-- MasterSlider -->\n\t\t<div id=\"P_MS69f1bd5f8af5f\" class=\"master-slider-parent msl ms-parent-id-2\" style=\"max-width:945px;\">\n\n\t\t\t\n\t\t\t<!-- MasterSlider Main -->\n\t\t\t<div id=\"MS69f1bd5f8af5f\" class=\"master-slider ms-skin-default\" >\n\t\t\t\t \t\t\t\t \n\t\t\t\t<div  class=\"ms-slide\" data-delay=\"3\" data-fill-mode=\"fit\"  >\n\t\t\t\t\t<img decoding=\"async\" src=\"https:\/\/diarioelrapsoda.com\/wp-content\/plugins\/master-slider\/public\/assets\/css\/blank.gif\" alt=\"\" title=\"\" data-src=\"https:\/\/diarioelrapsoda.com\/wp-content\/uploads\/2022\/04\/PUBLICIDAD-DESPACHO-scaled-800x480.jpg\" \/>\n\n\n\t<img decoding=\"async\" class=\"ms-thumb\" src=\"https:\/\/diarioelrapsoda.com\/wp-content\/uploads\/2022\/04\/PUBLICIDAD-DESPACHO-scaled-140x80.jpg\" alt=\"\" \/>\n\t<div class=\"ms-thumb\" ><div class=\"ms-tab-context\"><div class=\"&quot;ms-tab-context&quot;\"><\/div><\/div>\n<\/div>\n\t\t\t\t<\/div>\n\t\t\t\t<div  class=\"ms-slide\" data-delay=\"3\" data-fill-mode=\"fit\"  >\n\t\t\t\t\t<img decoding=\"async\" src=\"https:\/\/diarioelrapsoda.com\/wp-content\/plugins\/master-slider\/public\/assets\/css\/blank.gif\" alt=\"\" title=\"\" data-src=\"https:\/\/diarioelrapsoda.com\/wp-content\/uploads\/2021\/02\/PORTADA-CAZADOR-DE-COMETAS-2da-edicion-2mini.jpg\" \/>\n\n\n\t<img decoding=\"async\" class=\"ms-thumb\" src=\"https:\/\/diarioelrapsoda.com\/wp-content\/uploads\/2021\/02\/PORTADA-CAZADOR-DE-COMETAS-2da-edicion-2mini-140x80.jpg\" alt=\"\" \/>\n\t<div class=\"ms-thumb\" ><div class=\"ms-tab-context\"><div class=\"&quot;ms-tab-context&quot;\"><\/div><\/div>\n<\/div>\n\t\t\t\t<\/div>\n\t\t\t\t<div  class=\"ms-slide\" data-delay=\"3\" data-fill-mode=\"fit\"  >\n\t\t\t\t\t<img decoding=\"async\" src=\"https:\/\/diarioelrapsoda.com\/wp-content\/plugins\/master-slider\/public\/assets\/css\/blank.gif\" alt=\"\" title=\"\" data-src=\"https:\/\/diarioelrapsoda.com\/wp-content\/uploads\/2021\/02\/PORTADA-TEORIAS-A-CERCA-DEL-AMOR_page-0001.jpg\" \/>\n\n\n\t<img decoding=\"async\" class=\"ms-thumb\" src=\"https:\/\/diarioelrapsoda.com\/wp-content\/uploads\/2021\/02\/PORTADA-TEORIAS-A-CERCA-DEL-AMOR_page-0001-140x80.jpg\" alt=\"\" \/>\n\t<div class=\"ms-thumb\" ><div class=\"ms-tab-context\"><div class=\"&quot;ms-tab-context&quot;\"><\/div><\/div>\n<\/div>\n\t\t\t\t<\/div>\n\t\t\t\t<div  class=\"ms-slide\" data-delay=\"3\" data-fill-mode=\"fit\"  >\n\t\t\t\t\t<img decoding=\"async\" src=\"https:\/\/diarioelrapsoda.com\/wp-content\/plugins\/master-slider\/public\/assets\/css\/blank.gif\" alt=\"\" title=\"\" data-src=\"https:\/\/diarioelrapsoda.com\/wp-content\/uploads\/2021\/02\/PORTADA-LA-CANCION-DE-DORIAN-2-edicion_page-0001.jpg\" \/>\n\n\n\t<img decoding=\"async\" class=\"ms-thumb\" src=\"https:\/\/diarioelrapsoda.com\/wp-content\/uploads\/2021\/02\/PORTADA-LA-CANCION-DE-DORIAN-2-edicion_page-0001-140x80.jpg\" alt=\"\" \/>\n\t<div class=\"ms-thumb\" ><div class=\"ms-tab-context\"><div class=\"&quot;ms-tab-context&quot;\"><\/div><\/div>\n<\/div>\n\t\t\t\t<\/div>\n\t\t\t\t<div  class=\"ms-slide\" data-delay=\"3\" data-fill-mode=\"fit\"  >\n\t\t\t\t\t<img decoding=\"async\" src=\"https:\/\/diarioelrapsoda.com\/wp-content\/plugins\/master-slider\/public\/assets\/css\/blank.gif\" alt=\"\" title=\"\" data-src=\"https:\/\/diarioelrapsoda.com\/wp-content\/uploads\/2021\/02\/PORTADA-CAZADOR-DE-COMETAS_page-0001.jpg\" \/>\n\n\n\t<img decoding=\"async\" class=\"ms-thumb\" src=\"https:\/\/diarioelrapsoda.com\/wp-content\/uploads\/2021\/02\/PORTADA-CAZADOR-DE-COMETAS_page-0001-140x80.jpg\" alt=\"\" \/>\n\t<div class=\"ms-thumb\" ><div class=\"ms-tab-context\"><div class=\"&quot;ms-tab-context&quot;\"><\/div><\/div>\n<\/div>\n\t\t\t\t<\/div>\n\t\t\t\t<div  class=\"ms-slide\" data-delay=\"3\" data-fill-mode=\"fit\"  >\n\t\t\t\t\t<img decoding=\"async\" src=\"https:\/\/diarioelrapsoda.com\/wp-content\/plugins\/master-slider\/public\/assets\/css\/blank.gif\" alt=\"\" title=\"\" data-src=\"https:\/\/diarioelrapsoda.com\/wp-content\/uploads\/2021\/03\/departame.jpg\" \/>\n\n\n\t<img decoding=\"async\" class=\"ms-thumb\" src=\"https:\/\/diarioelrapsoda.com\/wp-content\/uploads\/2021\/03\/departame-140x80.jpg\" alt=\"\" \/>\n\t<div class=\"ms-thumb\" ><div class=\"ms-tab-context\"><div class=\"&quot;ms-tab-context&quot;\"><\/div><\/div>\n<\/div>\n\t\t\t\t<\/div>\n\t\t\t\t<div  class=\"ms-slide\" data-delay=\"3\" data-fill-mode=\"fit\"  >\n\t\t\t\t\t<img decoding=\"async\" src=\"https:\/\/diarioelrapsoda.com\/wp-content\/plugins\/master-slider\/public\/assets\/css\/blank.gif\" alt=\"\" title=\"\" data-src=\"https:\/\/diarioelrapsoda.com\/wp-content\/uploads\/2021\/02\/12-scaled-800x480.jpg\" \/>\n\n\n\t<img decoding=\"async\" class=\"ms-thumb\" src=\"https:\/\/diarioelrapsoda.com\/wp-content\/uploads\/2021\/02\/12-scaled-140x80.jpg\" alt=\"\" \/>\n\t<div class=\"ms-thumb\" ><div class=\"ms-tab-context\"><div class=\"&quot;ms-tab-context&quot;\"><\/div><\/div>\n<\/div>\n\t\t\t\t<\/div>\n\t\t\t\t<div  class=\"ms-slide\" data-delay=\"3\" data-fill-mode=\"fit\"  >\n\t\t\t\t\t<img decoding=\"async\" src=\"https:\/\/diarioelrapsoda.com\/wp-content\/plugins\/master-slider\/public\/assets\/css\/blank.gif\" alt=\"\" title=\"\" data-src=\"https:\/\/diarioelrapsoda.com\/wp-content\/uploads\/2021\/05\/PUBLI.jpg\" \/>\n\n\n\t<img decoding=\"async\" class=\"ms-thumb\" src=\"https:\/\/diarioelrapsoda.com\/wp-content\/uploads\/2021\/05\/PUBLI-140x80.jpg\" alt=\"\" \/>\n\t<div class=\"ms-thumb\" ><div class=\"ms-tab-context\"><div class=\"&quot;ms-tab-context&quot;\"><\/div><\/div>\n<\/div>\n\t\t\t\t<\/div>\n\n\t\t\t<\/div>\n\t\t\t<!-- END MasterSlider Main -->\n\n\t\t\t \n\t\t<\/div>\n\t\t<!-- END MasterSlider -->\n\n\t\t<script>\n\t\t(function ( $ ) {\n\t\t\t\"use strict\";\n\n\t\t\t$(function () {\n\t\t\t\tvar masterslider_af5f = new MasterSlider();\n\n\t\t\t\t\/\/ slider controls\n\t\t\t\tmasterslider_af5f.control('arrows'     ,{ autohide:false, overVideo:true  });\t\t\t\tmasterslider_af5f.control('bullets'    ,{ autohide:false, overVideo:true, dir:'h', align:'bottom' , margin:10  });\n\n\t\t\t\tmasterslider_af5f.control('thumblist'  ,{ autohide:false, overVideo:true, dir:'v', speed:17, inset:false, arrows:false, hover:false, customClass:'', align:'right',type:'thumbs', margin:5, width:140, height:80, space:5, fillMode:'fill'  });\n\t\t\t\t\/\/ slider setup\n\t\t\t\tmasterslider_af5f.setup(\"MS69f1bd5f8af5f\", {\n\t\t\t\t\t\twidth           : 800,\n\t\t\t\t\t\theight          : 480,\n\t\t\t\t\t\tminHeight       : 0,\n\t\t\t\t\t\tspace           : 0,\n\t\t\t\t\t\tstart           : 1,\n\t\t\t\t\t\tgrabCursor      : true,\n\t\t\t\t\t\tswipe           : true,\n\t\t\t\t\t\tmouse           : true,\n\t\t\t\t\t\tlayout          : \"boxed\",\n\t\t\t\t\t\twheel           : false,\n\t\t\t\t\t\tautoplay        : true,\n\t\t\t\t\t\tinstantStartLayers:false,\n\t\t\t\t\t\tloop            : true,\n\t\t\t\t\t\tshuffle         : false,\n\t\t\t\t\t\tpreload         : 0,\n\t\t\t\t\t\theightLimit     : true,\n\t\t\t\t\t\tautoHeight      : false,\n\t\t\t\t\t\tsmoothHeight    : true,\n\t\t\t\t\t\tendPause        : false,\n\t\t\t\t\t\toverPause       : true,\n\t\t\t\t\t\tfillMode        : \"fill\",\n\t\t\t\t\t\tcenterControls  : true,\n\t\t\t\t\t\tstartOnAppear   : false,\n\t\t\t\t\t\tlayersMode      : \"center\",\n\t\t\t\t\t\thideLayers      : false,\n\t\t\t\t\t\tfullscreenMargin: 0,\n\t\t\t\t\t\tspeed           : 20,\n\t\t\t\t\t\tdir             : \"h\",\n\t\t\t\t\t\tparallaxMode    : 'swipe',\n\t\t\t\t\t\tview            : \"basic\"\n\t\t\t\t});\n\n\t\t\t\t\n\t\t\t\twindow.masterslider_instances = window.masterslider_instances || [];\n\t\t\t\twindow.masterslider_instances.push( masterslider_af5f );\n\t\t\t });\n\n\t\t})(jQuery);\n\t\t<\/script>\n\n<\/div>\n\t\t\t\t\t\t<\/div>\n\t\t\t\t<\/div>\n\t\t\t\t\t<\/div>\n\t\t<\/div>\n\t\t\t\t\t<\/div>\n\t\t<\/section>\n\t\t\t\t<section class=\"elementor-section elementor-top-section elementor-element elementor-element-d678aeb elementor-section-boxed elementor-section-height-default elementor-section-height-default\" data-id=\"d678aeb\" data-element_type=\"section\" data-e-type=\"section\">\n\t\t\t\t\t\t<div class=\"elementor-container elementor-column-gap-default\">\n\t\t\t\t\t<div class=\"elementor-column elementor-col-100 elementor-top-column elementor-element elementor-element-67a5258\" data-id=\"67a5258\" data-element_type=\"column\" data-e-type=\"column\">\n\t\t\t<div class=\"elementor-widget-wrap\">\n\t\t\t\t\t\t\t<\/div>\n\t\t<\/div>\n\t\t\t\t\t<\/div>\n\t\t<\/section>\n\t\t\t\t<\/div>\n\t\t","protected":false},"excerpt":{"rendered":"","protected":false},"author":1,"featured_media":0,"parent":0,"menu_order":0,"comment_status":"closed","ping_status":"closed","template":"","meta":{"footnotes":""},"class_list":["post-18","page","type-page","status-publish"],"yoast_head":"<!-- This site is optimized with the Yoast SEO plugin v27.3 - https:\/\/yoast.com\/product\/yoast-seo-wordpress\/ -->\n<title>Edomex - Noticias del Estado de M\u00e9xico - el rapsoda<\/title>\n<meta name=\"description\" content=\"Ent\u00e9rate de las mejores noticias del d\u00eda d\u00eda del Estado de M\u00e9xico, y sus alrededores de la mano con el diario EL RAPSODA.\" \/>\n<meta name=\"robots\" content=\"index, follow, max-snippet:-1, max-video-preview:-1, noimageindex\" \/>\n<link rel=\"canonical\" href=\"https:\/\/diarioelrapsoda.com\/index.php\/noticias-diarias\/\" \/>\n<meta property=\"og:locale\" content=\"es_MX\" \/>\n<meta property=\"og:type\" content=\"article\" \/>\n<meta property=\"og:title\" content=\"Edomex - Noticias del Estado de M\u00e9xico - el rapsoda\" \/>\n<meta property=\"og:description\" content=\"Ent\u00e9rate de las mejores noticias del d\u00eda d\u00eda del Estado de M\u00e9xico, y sus alrededores de la mano con el diario EL RAPSODA.\" \/>\n<meta property=\"og:url\" content=\"https:\/\/diarioelrapsoda.com\/index.php\/noticias-diarias\/\" \/>\n<meta property=\"og:site_name\" content=\"Diario el rapsoda\" \/>\n<meta property=\"article:modified_time\" content=\"2025-09-27T05:43:11+00:00\" \/>\n<meta name=\"twitter:card\" content=\"summary_large_image\" \/>\n<script type=\"application\/ld+json\" class=\"yoast-schema-graph\">{\"@context\":\"https:\\\/\\\/schema.org\",\"@graph\":[{\"@type\":\"WebPage\",\"@id\":\"https:\\\/\\\/diarioelrapsoda.com\\\/index.php\\\/noticias-diarias\\\/\",\"url\":\"https:\\\/\\\/diarioelrapsoda.com\\\/index.php\\\/noticias-diarias\\\/\",\"name\":\"Edomex - Noticias del Estado de M\u00e9xico - el rapsoda\",\"isPartOf\":{\"@id\":\"https:\\\/\\\/diarioelrapsoda.com\\\/#website\"},\"datePublished\":\"2021-02-06T05:55:42+00:00\",\"dateModified\":\"2025-09-27T05:43:11+00:00\",\"description\":\"Ent\u00e9rate de las mejores noticias del d\u00eda d\u00eda del Estado de M\u00e9xico, y sus alrededores de la mano con el diario EL RAPSODA.\",\"breadcrumb\":{\"@id\":\"https:\\\/\\\/diarioelrapsoda.com\\\/index.php\\\/noticias-diarias\\\/#breadcrumb\"},\"inLanguage\":\"es\",\"potentialAction\":[{\"@type\":\"ReadAction\",\"target\":[\"https:\\\/\\\/diarioelrapsoda.com\\\/index.php\\\/noticias-diarias\\\/\"]}]},{\"@type\":\"BreadcrumbList\",\"@id\":\"https:\\\/\\\/diarioelrapsoda.com\\\/index.php\\\/noticias-diarias\\\/#breadcrumb\",\"itemListElement\":[{\"@type\":\"ListItem\",\"position\":1,\"name\":\"Inicio\",\"item\":\"https:\\\/\\\/diarioelrapsoda.com\\\/\"},{\"@type\":\"ListItem\",\"position\":2,\"name\":\"NOTICIAS DEL D\u00cdA\"}]},{\"@type\":\"WebSite\",\"@id\":\"https:\\\/\\\/diarioelrapsoda.com\\\/#website\",\"url\":\"https:\\\/\\\/diarioelrapsoda.com\\\/\",\"name\":\"Diario el rapsoda\",\"description\":\"\",\"publisher\":{\"@id\":\"https:\\\/\\\/diarioelrapsoda.com\\\/#organization\"},\"potentialAction\":[{\"@type\":\"SearchAction\",\"target\":{\"@type\":\"EntryPoint\",\"urlTemplate\":\"https:\\\/\\\/diarioelrapsoda.com\\\/?s={search_term_string}\"},\"query-input\":{\"@type\":\"PropertyValueSpecification\",\"valueRequired\":true,\"valueName\":\"search_term_string\"}}],\"inLanguage\":\"es\"},{\"@type\":\"Organization\",\"@id\":\"https:\\\/\\\/diarioelrapsoda.com\\\/#organization\",\"name\":\"Diario el rapsoda\",\"url\":\"https:\\\/\\\/diarioelrapsoda.com\\\/\",\"logo\":{\"@type\":\"ImageObject\",\"inLanguage\":\"es\",\"@id\":\"https:\\\/\\\/diarioelrapsoda.com\\\/#\\\/schema\\\/logo\\\/image\\\/\",\"url\":\"https:\\\/\\\/diarioelrapsoda.com\\\/wp-content\\\/uploads\\\/2021\\\/02\\\/LOGO-RAPSODA-A-COLOR-scaled.jpg\",\"contentUrl\":\"https:\\\/\\\/diarioelrapsoda.com\\\/wp-content\\\/uploads\\\/2021\\\/02\\\/LOGO-RAPSODA-A-COLOR-scaled.jpg\",\"width\":2560,\"height\":446,\"caption\":\"Diario el rapsoda\"},\"image\":{\"@id\":\"https:\\\/\\\/diarioelrapsoda.com\\\/#\\\/schema\\\/logo\\\/image\\\/\"}}]}<\/script>\n<!-- \/ Yoast SEO plugin. -->","yoast_head_json":{"title":"Edomex - Noticias del Estado de M\u00e9xico - el rapsoda","description":"Ent\u00e9rate de las mejores noticias del d\u00eda d\u00eda del Estado de M\u00e9xico, y sus alrededores de la mano con el diario EL RAPSODA.","robots":{"index":"index","follow":"follow","max-snippet":"max-snippet:-1","max-video-preview":"max-video-preview:-1","imageindex":"noimageindex"},"canonical":"https:\/\/diarioelrapsoda.com\/index.php\/noticias-diarias\/","og_locale":"es_MX","og_type":"article","og_title":"Edomex - Noticias del Estado de M\u00e9xico - el rapsoda","og_description":"Ent\u00e9rate de las mejores noticias del d\u00eda d\u00eda del Estado de M\u00e9xico, y sus alrededores de la mano con el diario EL RAPSODA.","og_url":"https:\/\/diarioelrapsoda.com\/index.php\/noticias-diarias\/","og_site_name":"Diario el rapsoda","article_modified_time":"2025-09-27T05:43:11+00:00","twitter_card":"summary_large_image","schema":{"@context":"https:\/\/schema.org","@graph":[{"@type":"WebPage","@id":"https:\/\/diarioelrapsoda.com\/index.php\/noticias-diarias\/","url":"https:\/\/diarioelrapsoda.com\/index.php\/noticias-diarias\/","name":"Edomex - Noticias del Estado de M\u00e9xico - el rapsoda","isPartOf":{"@id":"https:\/\/diarioelrapsoda.com\/#website"},"datePublished":"2021-02-06T05:55:42+00:00","dateModified":"2025-09-27T05:43:11+00:00","description":"Ent\u00e9rate de las mejores noticias del d\u00eda d\u00eda del Estado de M\u00e9xico, y sus alrededores de la mano con el diario EL RAPSODA.","breadcrumb":{"@id":"https:\/\/diarioelrapsoda.com\/index.php\/noticias-diarias\/#breadcrumb"},"inLanguage":"es","potentialAction":[{"@type":"ReadAction","target":["https:\/\/diarioelrapsoda.com\/index.php\/noticias-diarias\/"]}]},{"@type":"BreadcrumbList","@id":"https:\/\/diarioelrapsoda.com\/index.php\/noticias-diarias\/#breadcrumb","itemListElement":[{"@type":"ListItem","position":1,"name":"Inicio","item":"https:\/\/diarioelrapsoda.com\/"},{"@type":"ListItem","position":2,"name":"NOTICIAS DEL D\u00cdA"}]},{"@type":"WebSite","@id":"https:\/\/diarioelrapsoda.com\/#website","url":"https:\/\/diarioelrapsoda.com\/","name":"Diario el rapsoda","description":"","publisher":{"@id":"https:\/\/diarioelrapsoda.com\/#organization"},"potentialAction":[{"@type":"SearchAction","target":{"@type":"EntryPoint","urlTemplate":"https:\/\/diarioelrapsoda.com\/?s={search_term_string}"},"query-input":{"@type":"PropertyValueSpecification","valueRequired":true,"valueName":"search_term_string"}}],"inLanguage":"es"},{"@type":"Organization","@id":"https:\/\/diarioelrapsoda.com\/#organization","name":"Diario el rapsoda","url":"https:\/\/diarioelrapsoda.com\/","logo":{"@type":"ImageObject","inLanguage":"es","@id":"https:\/\/diarioelrapsoda.com\/#\/schema\/logo\/image\/","url":"https:\/\/diarioelrapsoda.com\/wp-content\/uploads\/2021\/02\/LOGO-RAPSODA-A-COLOR-scaled.jpg","contentUrl":"https:\/\/diarioelrapsoda.com\/wp-content\/uploads\/2021\/02\/LOGO-RAPSODA-A-COLOR-scaled.jpg","width":2560,"height":446,"caption":"Diario el rapsoda"},"image":{"@id":"https:\/\/diarioelrapsoda.com\/#\/schema\/logo\/image\/"}}]}},"_links":{"self":[{"href":"https:\/\/diarioelrapsoda.com\/index.php\/wp-json\/wp\/v2\/pages\/18","targetHints":{"allow":["GET"]}}],"collection":[{"href":"https:\/\/diarioelrapsoda.com\/index.php\/wp-json\/wp\/v2\/pages"}],"about":[{"href":"https:\/\/diarioelrapsoda.com\/index.php\/wp-json\/wp\/v2\/types\/page"}],"author":[{"embeddable":true,"href":"https:\/\/diarioelrapsoda.com\/index.php\/wp-json\/wp\/v2\/users\/1"}],"replies":[{"embeddable":true,"href":"https:\/\/diarioelrapsoda.com\/index.php\/wp-json\/wp\/v2\/comments?post=18"}],"version-history":[{"count":2466,"href":"https:\/\/diarioelrapsoda.com\/index.php\/wp-json\/wp\/v2\/pages\/18\/revisions"}],"predecessor-version":[{"id":6827,"href":"https:\/\/diarioelrapsoda.com\/index.php\/wp-json\/wp\/v2\/pages\/18\/revisions\/6827"}],"wp:attachment":[{"href":"https:\/\/diarioelrapsoda.com\/index.php\/wp-json\/wp\/v2\/media?parent=18"}],"curies":[{"name":"wp","href":"https:\/\/api.w.org\/{rel}","templated":true}]}}