{"id":149,"date":"2021-02-10T01:55:41","date_gmt":"2021-02-10T01:55:41","guid":{"rendered":"http:\/\/diarioelrapsoda.com\/?page_id=149"},"modified":"2021-11-27T15:13:37","modified_gmt":"2021-11-27T15:13:37","slug":"gdorian-publicidad","status":"publish","type":"page","link":"https:\/\/diarioelrapsoda.com\/index.php\/gdorian-publicidad\/","title":{"rendered":"GDORIAN PUBLICIDAD"},"content":{"rendered":"\t\t<div data-elementor-type=\"wp-page\" data-elementor-id=\"149\" class=\"elementor elementor-149\">\n\t\t\t\t\t\t<section class=\"elementor-section elementor-top-section elementor-element elementor-element-48613df2 elementor-section-boxed elementor-section-height-default elementor-section-height-default\" data-id=\"48613df2\" data-element_type=\"section\" data-e-type=\"section\" data-settings=\"{&quot;background_background&quot;:&quot;classic&quot;}\">\n\t\t\t\t\t\t<div class=\"elementor-container elementor-column-gap-default\">\n\t\t\t\t\t<div class=\"elementor-column elementor-col-100 elementor-top-column elementor-element elementor-element-6f92b048\" data-id=\"6f92b048\" data-element_type=\"column\" data-e-type=\"column\">\n\t\t\t<div class=\"elementor-widget-wrap elementor-element-populated\">\n\t\t\t\t\t\t<div class=\"elementor-element elementor-element-455ccf1 elementor-widget elementor-widget-spacer\" data-id=\"455ccf1\" data-element_type=\"widget\" data-e-type=\"widget\" data-widget_type=\"spacer.default\">\n\t\t\t\t<div class=\"elementor-widget-container\">\n\t\t\t\t\t\t\t<div class=\"elementor-spacer\">\n\t\t\t<div class=\"elementor-spacer-inner\"><\/div>\n\t\t<\/div>\n\t\t\t\t\t\t<\/div>\n\t\t\t\t<\/div>\n\t\t\t\t<div class=\"elementor-element elementor-element-920b916 elementor-hidden-phone elementor-widget elementor-widget-shortcode\" data-id=\"920b916\" data-element_type=\"widget\" data-e-type=\"widget\" data-widget_type=\"shortcode.default\">\n\t\t\t\t<div class=\"elementor-widget-container\">\n\t\t\t\t\t\t\t<div class=\"elementor-shortcode\">\n\t\t<!-- MasterSlider -->\n\t\t<div id=\"P_MS69f1bfb4a2e35\" class=\"master-slider-parent msl ms-parent-id-1\" style=\"max-width:945px;\">\n\n\t\t\t\n\t\t\t<!-- MasterSlider Main -->\n\t\t\t<div id=\"MS69f1bfb4a2e35\" class=\"master-slider ms-skin-default\" >\n\t\t\t\t \t\t\t\t \n\t\t\t\t<div  class=\"ms-slide\" data-delay=\"3\" data-fill-mode=\"fit\" style=\"background-color:#ffffff;\" >\n\t\t\t\t\t<img decoding=\"async\" src=\"https:\/\/diarioelrapsoda.com\/wp-content\/plugins\/master-slider\/public\/assets\/css\/blank.gif\" alt=\"\" title=\"\" data-src=\"https:\/\/diarioelrapsoda.com\/wp-content\/uploads\/2021\/02\/LOGO-GDORIAN-JPG.png\" \/>\n\n\n\t<img decoding=\"async\" class=\"ms-thumb\" src=\"https:\/\/diarioelrapsoda.com\/wp-content\/uploads\/2021\/02\/LOGO-GDORIAN-JPG-140x80.png\" alt=\"\" \/>\n\t<div class=\"ms-thumb\" ><div class=\"ms-tab-context\"><div class=\"&quot;ms-tab-context&quot;\"><\/div><\/div>\n<\/div>\n\t\t\t\t<\/div>\n\t\t\t\t<div  class=\"ms-slide\" data-delay=\"3\" data-fill-mode=\"fit\"  >\n\t\t\t\t\t<img decoding=\"async\" src=\"https:\/\/diarioelrapsoda.com\/wp-content\/plugins\/master-slider\/public\/assets\/css\/blank.gif\" alt=\"\" title=\"\" data-src=\"https:\/\/diarioelrapsoda.com\/wp-content\/uploads\/2022\/04\/PUBLICIDAD-DESPACHO-scaled-800x480.jpg\" \/>\n\n\n\t<img decoding=\"async\" class=\"ms-thumb\" src=\"https:\/\/diarioelrapsoda.com\/wp-content\/uploads\/2022\/04\/PUBLICIDAD-DESPACHO-scaled-140x80.jpg\" alt=\"\" \/>\n\t<div class=\"ms-thumb\" ><div class=\"ms-tab-context\"><div class=\"&quot;ms-tab-context&quot;\"><\/div><\/div>\n<\/div>\n\t\t\t\t<\/div>\n\t\t\t\t<div  class=\"ms-slide\" data-delay=\"3\" data-fill-mode=\"fit\" style=\"background-color:#ffffff;\" >\n\t\t\t\t\t<img decoding=\"async\" src=\"https:\/\/diarioelrapsoda.com\/wp-content\/plugins\/master-slider\/public\/assets\/css\/blank.gif\" alt=\"\" title=\"\" data-src=\"https:\/\/diarioelrapsoda.com\/wp-content\/uploads\/2021\/02\/PORTADA-LIBRO-DOS-MIL-DOSCIENTOS-METROS-SOBRE-EL-NIVEL-DEL-MAR-SE-ENCUENTAR-EL-PARAISO_2.jpg\" \/>\n\n\n\t<img decoding=\"async\" class=\"ms-thumb\" src=\"https:\/\/diarioelrapsoda.com\/wp-content\/uploads\/2021\/02\/PORTADA-LIBRO-DOS-MIL-DOSCIENTOS-METROS-SOBRE-EL-NIVEL-DEL-MAR-SE-ENCUENTAR-EL-PARAISO_2-140x80.jpg\" alt=\"\" \/>\n\t<div class=\"ms-thumb\" ><div class=\"ms-tab-context\"><div class=\"&quot;ms-tab-context&quot;\"><\/div><\/div>\n<\/div>\n\t\t\t\t<\/div>\n\t\t\t\t<div  class=\"ms-slide\" data-delay=\"3\" data-fill-mode=\"fit\" style=\"background-color:#ffffff;\" >\n\t\t\t\t\t<img decoding=\"async\" src=\"https:\/\/diarioelrapsoda.com\/wp-content\/plugins\/master-slider\/public\/assets\/css\/blank.gif\" alt=\"\" title=\"\" data-src=\"https:\/\/diarioelrapsoda.com\/wp-content\/uploads\/2021\/02\/PORTADA-TEORIAS-A-CERCA-DEL-AMOR_page-0001.jpg\" \/>\n\n\n\t<img decoding=\"async\" class=\"ms-thumb\" src=\"https:\/\/diarioelrapsoda.com\/wp-content\/uploads\/2021\/02\/PORTADA-TEORIAS-A-CERCA-DEL-AMOR_page-0001-140x80.jpg\" alt=\"\" \/>\n\t<div class=\"ms-thumb\" ><div class=\"ms-tab-context\"><div class=\"&quot;ms-tab-context&quot;\"><\/div><\/div>\n<\/div>\n\t\t\t\t<\/div>\n\t\t\t\t<div  class=\"ms-slide\" data-delay=\"3\" data-fill-mode=\"fit\" style=\"background-color:#ffffff;\" >\n\t\t\t\t\t<img decoding=\"async\" src=\"https:\/\/diarioelrapsoda.com\/wp-content\/plugins\/master-slider\/public\/assets\/css\/blank.gif\" alt=\"\" title=\"\" data-src=\"https:\/\/diarioelrapsoda.com\/wp-content\/uploads\/2021\/02\/PORTADA-LA-CANCION-DE-DORIAN-2-edicion_page-0001.jpg\" \/>\n\n\n\t<img decoding=\"async\" class=\"ms-thumb\" src=\"https:\/\/diarioelrapsoda.com\/wp-content\/uploads\/2021\/02\/PORTADA-LA-CANCION-DE-DORIAN-2-edicion_page-0001-140x80.jpg\" alt=\"\" \/>\n\t<div class=\"ms-thumb\" ><div class=\"ms-tab-context\"><div class=\"&quot;ms-tab-context&quot;\"><\/div><\/div>\n<\/div>\n\t\t\t\t<\/div>\n\t\t\t\t<div  class=\"ms-slide\" data-delay=\"3\" data-fill-mode=\"fit\" style=\"background-color:#ffffff;\" >\n\t\t\t\t\t<img decoding=\"async\" src=\"https:\/\/diarioelrapsoda.com\/wp-content\/plugins\/master-slider\/public\/assets\/css\/blank.gif\" alt=\"\" title=\"\" data-src=\"https:\/\/diarioelrapsoda.com\/wp-content\/uploads\/2021\/02\/PORTADA-LA-CANCION-DE-DORIAN-1_page-0001.jpg\" \/>\n\n\n\t<img decoding=\"async\" class=\"ms-thumb\" src=\"https:\/\/diarioelrapsoda.com\/wp-content\/uploads\/2021\/02\/PORTADA-LA-CANCION-DE-DORIAN-1_page-0001-140x80.jpg\" alt=\"\" \/>\n\t<div class=\"ms-thumb\" ><div class=\"ms-tab-context\"><div class=\"&quot;ms-tab-context&quot;\"><\/div><\/div>\n<\/div>\n\t\t\t\t<\/div>\n\t\t\t\t<div  class=\"ms-slide\" data-delay=\"3\" data-fill-mode=\"fit\" style=\"background-color:#ffffff;\" >\n\t\t\t\t\t<img decoding=\"async\" src=\"https:\/\/diarioelrapsoda.com\/wp-content\/plugins\/master-slider\/public\/assets\/css\/blank.gif\" alt=\"\" title=\"\" data-src=\"https:\/\/diarioelrapsoda.com\/wp-content\/uploads\/2021\/02\/PORTADA-CAZADOR-DE-COMETAS_page-0001.jpg\" \/>\n\n\n\t<img decoding=\"async\" class=\"ms-thumb\" src=\"https:\/\/diarioelrapsoda.com\/wp-content\/uploads\/2021\/02\/PORTADA-CAZADOR-DE-COMETAS_page-0001-140x80.jpg\" alt=\"\" \/>\n\t<div class=\"ms-thumb\" ><div class=\"ms-tab-context\"><div class=\"&quot;ms-tab-context&quot;\"><\/div><\/div>\n<\/div>\n\t\t\t\t<\/div>\n\n\t\t\t<\/div>\n\t\t\t<!-- END MasterSlider Main -->\n\n\t\t\t \n\t\t<\/div>\n\t\t<!-- END MasterSlider -->\n\n\t\t<script>\n\t\t(function ( $ ) {\n\t\t\t\"use strict\";\n\n\t\t\t$(function () {\n\t\t\t\tvar masterslider_2e35 = new MasterSlider();\n\n\t\t\t\t\/\/ slider controls\n\t\t\t\tmasterslider_2e35.control('arrows'     ,{ autohide:true, overVideo:true  });\t\t\t\tmasterslider_2e35.control('bullets'    ,{ autohide:false, overVideo:true, dir:'h', align:'bottom' , margin:10  });\n\n\t\t\t\tmasterslider_2e35.control('thumblist'  ,{ autohide:false, overVideo:true, dir:'v', speed:17, inset:false, arrows:false, hover:false, customClass:'', align:'right',type:'thumbs', margin:5, width:140, height:80, space:5, fillMode:'fill'  });\n\t\t\t\tmasterslider_2e35.control('timebar'    ,{ autohide:false, overVideo:true, align:'bottom', color:'#4089cd'  , width:4 });\n\t\t\t\t\/\/ slider setup\n\t\t\t\tmasterslider_2e35.setup(\"MS69f1bfb4a2e35\", {\n\t\t\t\t\t\twidth           : 800,\n\t\t\t\t\t\theight          : 480,\n\t\t\t\t\t\tminHeight       : 0,\n\t\t\t\t\t\tspace           : 0,\n\t\t\t\t\t\tstart           : 1,\n\t\t\t\t\t\tgrabCursor      : true,\n\t\t\t\t\t\tswipe           : true,\n\t\t\t\t\t\tmouse           : true,\n\t\t\t\t\t\tlayout          : \"boxed\",\n\t\t\t\t\t\twheel           : false,\n\t\t\t\t\t\tautoplay        : false,\n\t\t\t\t\t\tinstantStartLayers:false,\n\t\t\t\t\t\tloop            : true,\n\t\t\t\t\t\tshuffle         : false,\n\t\t\t\t\t\tpreload         : 0,\n\t\t\t\t\t\theightLimit     : true,\n\t\t\t\t\t\tautoHeight      : false,\n\t\t\t\t\t\tsmoothHeight    : true,\n\t\t\t\t\t\tendPause        : false,\n\t\t\t\t\t\toverPause       : true,\n\t\t\t\t\t\tfillMode        : \"fill\",\n\t\t\t\t\t\tcenterControls  : true,\n\t\t\t\t\t\tstartOnAppear   : false,\n\t\t\t\t\t\tlayersMode      : \"center\",\n\t\t\t\t\t\thideLayers      : false,\n\t\t\t\t\t\tfullscreenMargin: 0,\n\t\t\t\t\t\tspeed           : 20,\n\t\t\t\t\t\tdir             : \"h\",\n\t\t\t\t\t\tparallaxMode    : 'swipe',\n\t\t\t\t\t\tview            : \"basic\"\n\t\t\t\t});\n\n\t\t\t\t\n\t\t\t\twindow.masterslider_instances = window.masterslider_instances || [];\n\t\t\t\twindow.masterslider_instances.push( masterslider_2e35 );\n\t\t\t });\n\n\t\t})(jQuery);\n\t\t<\/script>\n\n<\/div>\n\t\t\t\t\t\t<\/div>\n\t\t\t\t<\/div>\n\t\t\t\t<div class=\"elementor-element elementor-element-a2ca911 elementor-widget elementor-widget-spacer\" data-id=\"a2ca911\" data-element_type=\"widget\" data-e-type=\"widget\" data-widget_type=\"spacer.default\">\n\t\t\t\t<div class=\"elementor-widget-container\">\n\t\t\t\t\t\t\t<div class=\"elementor-spacer\">\n\t\t\t<div class=\"elementor-spacer-inner\"><\/div>\n\t\t<\/div>\n\t\t\t\t\t\t<\/div>\n\t\t\t\t<\/div>\n\t\t\t\t\t<\/div>\n\t\t<\/div>\n\t\t\t\t\t<\/div>\n\t\t<\/section>\n\t\t\t\t<\/div>\n\t\t","protected":false},"excerpt":{"rendered":"","protected":false},"author":1,"featured_media":0,"parent":0,"menu_order":0,"comment_status":"closed","ping_status":"closed","template":"elementor_header_footer","meta":{"footnotes":""},"class_list":["post-149","page","type-page","status-publish"],"yoast_head":"<!-- This site is optimized with the Yoast SEO plugin v27.3 - https:\/\/yoast.com\/product\/yoast-seo-wordpress\/ -->\n<title>GDORIAN PUBLICIDAD - Diario el rapsoda DIARIO EL RAPSODA<\/title>\n<meta name=\"description\" content=\"Aqu\u00ed encontraras un catalogo amplio de servicios que se ofrecen dentro el Estado de M\u00e9xico, si te interesa anunciarte Cont\u00e1ctanos\" \/>\n<meta name=\"robots\" content=\"index, follow, max-snippet:-1, max-image-preview:large, max-video-preview:-1\" \/>\n<link rel=\"canonical\" href=\"https:\/\/diarioelrapsoda.com\/index.php\/gdorian-publicidad\/\" \/>\n<meta property=\"og:locale\" content=\"es_MX\" \/>\n<meta property=\"og:type\" content=\"article\" \/>\n<meta property=\"og:title\" content=\"GDORIAN PUBLICIDAD - Diario el rapsoda DIARIO EL RAPSODA\" \/>\n<meta property=\"og:description\" content=\"Aqu\u00ed encontraras un catalogo amplio de servicios que se ofrecen dentro el Estado de M\u00e9xico, si te interesa anunciarte Cont\u00e1ctanos\" \/>\n<meta property=\"og:url\" content=\"https:\/\/diarioelrapsoda.com\/index.php\/gdorian-publicidad\/\" \/>\n<meta property=\"og:site_name\" content=\"Diario el rapsoda\" \/>\n<meta property=\"article:modified_time\" content=\"2021-11-27T15:13:37+00:00\" \/>\n<meta name=\"twitter:card\" content=\"summary_large_image\" \/>\n<meta name=\"twitter:label1\" content=\"Tiempo de lectura\" \/>\n\t<meta name=\"twitter:data1\" content=\"1 minuto\" \/>\n<script type=\"application\/ld+json\" class=\"yoast-schema-graph\">{\"@context\":\"https:\\\/\\\/schema.org\",\"@graph\":[{\"@type\":\"WebPage\",\"@id\":\"https:\\\/\\\/diarioelrapsoda.com\\\/index.php\\\/gdorian-publicidad\\\/\",\"url\":\"https:\\\/\\\/diarioelrapsoda.com\\\/index.php\\\/gdorian-publicidad\\\/\",\"name\":\"GDORIAN PUBLICIDAD - Diario el rapsoda DIARIO EL RAPSODA\",\"isPartOf\":{\"@id\":\"https:\\\/\\\/diarioelrapsoda.com\\\/#website\"},\"datePublished\":\"2021-02-10T01:55:41+00:00\",\"dateModified\":\"2021-11-27T15:13:37+00:00\",\"description\":\"Aqu\u00ed encontraras un catalogo amplio de servicios que se ofrecen dentro el Estado de M\u00e9xico, si te interesa anunciarte Cont\u00e1ctanos\",\"breadcrumb\":{\"@id\":\"https:\\\/\\\/diarioelrapsoda.com\\\/index.php\\\/gdorian-publicidad\\\/#breadcrumb\"},\"inLanguage\":\"es\",\"potentialAction\":[{\"@type\":\"ReadAction\",\"target\":[\"https:\\\/\\\/diarioelrapsoda.com\\\/index.php\\\/gdorian-publicidad\\\/\"]}]},{\"@type\":\"BreadcrumbList\",\"@id\":\"https:\\\/\\\/diarioelrapsoda.com\\\/index.php\\\/gdorian-publicidad\\\/#breadcrumb\",\"itemListElement\":[{\"@type\":\"ListItem\",\"position\":1,\"name\":\"Inicio\",\"item\":\"https:\\\/\\\/diarioelrapsoda.com\\\/\"},{\"@type\":\"ListItem\",\"position\":2,\"name\":\"GDORIAN PUBLICIDAD\"}]},{\"@type\":\"WebSite\",\"@id\":\"https:\\\/\\\/diarioelrapsoda.com\\\/#website\",\"url\":\"https:\\\/\\\/diarioelrapsoda.com\\\/\",\"name\":\"Diario el rapsoda\",\"description\":\"\",\"publisher\":{\"@id\":\"https:\\\/\\\/diarioelrapsoda.com\\\/#organization\"},\"potentialAction\":[{\"@type\":\"SearchAction\",\"target\":{\"@type\":\"EntryPoint\",\"urlTemplate\":\"https:\\\/\\\/diarioelrapsoda.com\\\/?s={search_term_string}\"},\"query-input\":{\"@type\":\"PropertyValueSpecification\",\"valueRequired\":true,\"valueName\":\"search_term_string\"}}],\"inLanguage\":\"es\"},{\"@type\":\"Organization\",\"@id\":\"https:\\\/\\\/diarioelrapsoda.com\\\/#organization\",\"name\":\"Diario el rapsoda\",\"url\":\"https:\\\/\\\/diarioelrapsoda.com\\\/\",\"logo\":{\"@type\":\"ImageObject\",\"inLanguage\":\"es\",\"@id\":\"https:\\\/\\\/diarioelrapsoda.com\\\/#\\\/schema\\\/logo\\\/image\\\/\",\"url\":\"https:\\\/\\\/diarioelrapsoda.com\\\/wp-content\\\/uploads\\\/2021\\\/02\\\/LOGO-RAPSODA-A-COLOR-scaled.jpg\",\"contentUrl\":\"https:\\\/\\\/diarioelrapsoda.com\\\/wp-content\\\/uploads\\\/2021\\\/02\\\/LOGO-RAPSODA-A-COLOR-scaled.jpg\",\"width\":2560,\"height\":446,\"caption\":\"Diario el rapsoda\"},\"image\":{\"@id\":\"https:\\\/\\\/diarioelrapsoda.com\\\/#\\\/schema\\\/logo\\\/image\\\/\"}}]}<\/script>\n<!-- \/ Yoast SEO plugin. -->","yoast_head_json":{"title":"GDORIAN PUBLICIDAD - Diario el rapsoda DIARIO EL RAPSODA","description":"Aqu\u00ed encontraras un catalogo amplio de servicios que se ofrecen dentro el Estado de M\u00e9xico, si te interesa anunciarte Cont\u00e1ctanos","robots":{"index":"index","follow":"follow","max-snippet":"max-snippet:-1","max-image-preview":"max-image-preview:large","max-video-preview":"max-video-preview:-1"},"canonical":"https:\/\/diarioelrapsoda.com\/index.php\/gdorian-publicidad\/","og_locale":"es_MX","og_type":"article","og_title":"GDORIAN PUBLICIDAD - Diario el rapsoda DIARIO EL RAPSODA","og_description":"Aqu\u00ed encontraras un catalogo amplio de servicios que se ofrecen dentro el Estado de M\u00e9xico, si te interesa anunciarte Cont\u00e1ctanos","og_url":"https:\/\/diarioelrapsoda.com\/index.php\/gdorian-publicidad\/","og_site_name":"Diario el rapsoda","article_modified_time":"2021-11-27T15:13:37+00:00","twitter_card":"summary_large_image","twitter_misc":{"Tiempo de lectura":"1 minuto"},"schema":{"@context":"https:\/\/schema.org","@graph":[{"@type":"WebPage","@id":"https:\/\/diarioelrapsoda.com\/index.php\/gdorian-publicidad\/","url":"https:\/\/diarioelrapsoda.com\/index.php\/gdorian-publicidad\/","name":"GDORIAN PUBLICIDAD - Diario el rapsoda DIARIO EL RAPSODA","isPartOf":{"@id":"https:\/\/diarioelrapsoda.com\/#website"},"datePublished":"2021-02-10T01:55:41+00:00","dateModified":"2021-11-27T15:13:37+00:00","description":"Aqu\u00ed encontraras un catalogo amplio de servicios que se ofrecen dentro el Estado de M\u00e9xico, si te interesa anunciarte Cont\u00e1ctanos","breadcrumb":{"@id":"https:\/\/diarioelrapsoda.com\/index.php\/gdorian-publicidad\/#breadcrumb"},"inLanguage":"es","potentialAction":[{"@type":"ReadAction","target":["https:\/\/diarioelrapsoda.com\/index.php\/gdorian-publicidad\/"]}]},{"@type":"BreadcrumbList","@id":"https:\/\/diarioelrapsoda.com\/index.php\/gdorian-publicidad\/#breadcrumb","itemListElement":[{"@type":"ListItem","position":1,"name":"Inicio","item":"https:\/\/diarioelrapsoda.com\/"},{"@type":"ListItem","position":2,"name":"GDORIAN PUBLICIDAD"}]},{"@type":"WebSite","@id":"https:\/\/diarioelrapsoda.com\/#website","url":"https:\/\/diarioelrapsoda.com\/","name":"Diario el rapsoda","description":"","publisher":{"@id":"https:\/\/diarioelrapsoda.com\/#organization"},"potentialAction":[{"@type":"SearchAction","target":{"@type":"EntryPoint","urlTemplate":"https:\/\/diarioelrapsoda.com\/?s={search_term_string}"},"query-input":{"@type":"PropertyValueSpecification","valueRequired":true,"valueName":"search_term_string"}}],"inLanguage":"es"},{"@type":"Organization","@id":"https:\/\/diarioelrapsoda.com\/#organization","name":"Diario el rapsoda","url":"https:\/\/diarioelrapsoda.com\/","logo":{"@type":"ImageObject","inLanguage":"es","@id":"https:\/\/diarioelrapsoda.com\/#\/schema\/logo\/image\/","url":"https:\/\/diarioelrapsoda.com\/wp-content\/uploads\/2021\/02\/LOGO-RAPSODA-A-COLOR-scaled.jpg","contentUrl":"https:\/\/diarioelrapsoda.com\/wp-content\/uploads\/2021\/02\/LOGO-RAPSODA-A-COLOR-scaled.jpg","width":2560,"height":446,"caption":"Diario el rapsoda"},"image":{"@id":"https:\/\/diarioelrapsoda.com\/#\/schema\/logo\/image\/"}}]}},"_links":{"self":[{"href":"https:\/\/diarioelrapsoda.com\/index.php\/wp-json\/wp\/v2\/pages\/149","targetHints":{"allow":["GET"]}}],"collection":[{"href":"https:\/\/diarioelrapsoda.com\/index.php\/wp-json\/wp\/v2\/pages"}],"about":[{"href":"https:\/\/diarioelrapsoda.com\/index.php\/wp-json\/wp\/v2\/types\/page"}],"author":[{"embeddable":true,"href":"https:\/\/diarioelrapsoda.com\/index.php\/wp-json\/wp\/v2\/users\/1"}],"replies":[{"embeddable":true,"href":"https:\/\/diarioelrapsoda.com\/index.php\/wp-json\/wp\/v2\/comments?post=149"}],"version-history":[{"count":25,"href":"https:\/\/diarioelrapsoda.com\/index.php\/wp-json\/wp\/v2\/pages\/149\/revisions"}],"predecessor-version":[{"id":644,"href":"https:\/\/diarioelrapsoda.com\/index.php\/wp-json\/wp\/v2\/pages\/149\/revisions\/644"}],"wp:attachment":[{"href":"https:\/\/diarioelrapsoda.com\/index.php\/wp-json\/wp\/v2\/media?parent=149"}],"curies":[{"name":"wp","href":"https:\/\/api.w.org\/{rel}","templated":true}]}}